{"id":424,"date":"2021-09-19T15:59:11","date_gmt":"2021-09-19T18:59:11","guid":{"rendered":"https:\/\/www.microsistinformatica.com.br\/site\/?page_id=424"},"modified":"2021-09-20T12:48:31","modified_gmt":"2021-09-20T15:48:31","slug":"servicos","status":"publish","type":"page","link":"https:\/\/www.microsistinformatica.com.br\/site\/servicos\/","title":{"rendered":"Servi\u00e7os"},"content":{"rendered":"\t\t<div data-elementor-type=\"wp-page\" data-elementor-id=\"424\" class=\"elementor elementor-424\" data-elementor-settings=\"[]\">\n\t\t\t\t\t\t\t<div class=\"elementor-section-wrap\">\n\t\t\t\t\t\t\t<section class=\"elementor-section elementor-top-section elementor-element elementor-element-8fec7bc elementor-section-boxed elementor-section-height-default elementor-section-height-default\" data-id=\"8fec7bc\" data-element_type=\"section\">\n\t\t\t\t\t\t<div class=\"elementor-container elementor-column-gap-default\">\n\t\t\t\t\t<div class=\"elementor-column elementor-col-100 elementor-top-column elementor-element elementor-element-f996209\" data-id=\"f996209\" data-element_type=\"column\">\n\t\t\t<div class=\"elementor-widget-wrap elementor-element-populated\">\n\t\t\t\t\t\t\t\t<div class=\"elementor-element elementor-element-a19eaba elementor-widget elementor-widget-heading\" data-id=\"a19eaba\" data-element_type=\"widget\" data-widget_type=\"heading.default\">\n\t\t\t\t<div class=\"elementor-widget-container\">\n\t\t\t<h2 class=\"elementor-heading-title elementor-size-default\">Servi\u00e7os<\/h2>\t\t<\/div>\n\t\t\t\t<\/div>\n\t\t\t\t\t<\/div>\n\t\t<\/div>\n\t\t\t\t\t\t\t<\/div>\n\t\t<\/section>\n\t\t\t\t<section class=\"elementor-section elementor-top-section elementor-element elementor-element-18fb2c5 elementor-section-boxed elementor-section-height-default elementor-section-height-default\" data-id=\"18fb2c5\" data-element_type=\"section\">\n\t\t\t\t\t\t<div class=\"elementor-container elementor-column-gap-default\">\n\t\t\t\t\t<div class=\"elementor-column elementor-col-33 elementor-top-column elementor-element elementor-element-52b9155\" data-id=\"52b9155\" data-element_type=\"column\">\n\t\t\t<div class=\"elementor-widget-wrap elementor-element-populated\">\n\t\t\t\t\t\t\t\t<div class=\"elementor-element elementor-element-e2156a3 elementor-position-top elementor-vertical-align-top elementor-widget elementor-widget-image-box\" data-id=\"e2156a3\" data-element_type=\"widget\" data-widget_type=\"image-box.default\">\n\t\t\t\t<div class=\"elementor-widget-container\">\n\t\t\t<div class=\"elementor-image-box-wrapper\"><figure class=\"elementor-image-box-img\"><img decoding=\"async\" width=\"348\" height=\"229\" src=\"https:\/\/www.microsistinformatica.com.br\/site\/wp-content\/uploads\/2021\/09\/s-treinamento.jpg\" class=\"attachment-full size-full\" alt=\"\" \/><\/figure><div class=\"elementor-image-box-content\"><h4 class=\"elementor-image-box-title\">Desenvolvimento de Sites<\/h4><p class=\"elementor-image-box-description\">Nossos sites s\u00e3o desenvolvidos na plataforma Joomla ou Worpress. Assim, voc\u00ea ter\u00e1 total liberdade para gerenciar o conte\u00fado do site, incluindo e editando textos, imagens e v\u00eddeos. Apenas com um login e senha voc\u00ea ter\u00e1 acesso a um painel de controle totalmente amig\u00e1vel e intuitivo. Nossos sites s\u00e3o responsivos e, por isso, adaptam-se a qualquer plataforma como smartphones, tablets, netbooks, notebooks e computadores. Conhe\u00e7a nossos sites.<\/p><\/div><\/div>\t\t<\/div>\n\t\t\t\t<\/div>\n\t\t\t\t\t<\/div>\n\t\t<\/div>\n\t\t\t\t<div class=\"elementor-column elementor-col-33 elementor-top-column elementor-element elementor-element-25d70ad\" data-id=\"25d70ad\" data-element_type=\"column\">\n\t\t\t<div class=\"elementor-widget-wrap elementor-element-populated\">\n\t\t\t\t\t\t\t\t<div class=\"elementor-element elementor-element-9e1fd74 elementor-position-top elementor-vertical-align-top elementor-widget elementor-widget-image-box\" data-id=\"9e1fd74\" data-element_type=\"widget\" data-widget_type=\"image-box.default\">\n\t\t\t\t<div class=\"elementor-widget-container\">\n\t\t\t<div class=\"elementor-image-box-wrapper\"><figure class=\"elementor-image-box-img\"><img decoding=\"async\" width=\"348\" height=\"222\" src=\"https:\/\/www.microsistinformatica.com.br\/site\/wp-content\/uploads\/2021\/09\/s-blog.jpg\" class=\"attachment-full size-full\" alt=\"\" \/><\/figure><div class=\"elementor-image-box-content\"><h4 class=\"elementor-image-box-title\">Desenvolvimento de Blogs<\/h4><p class=\"elementor-image-box-description\">Nossos blogs s\u00e3o desenvolvidos nas plataformas WordPress ou Blogger. Criamos a arte para o topo, imagem de fundo, p\u00e1ginas extras, inserimos dom\u00ednio pr\u00f3prio e outros aplicativos necess\u00e1rios (widgets), como RSS, pesquisa, Google Analytics e outros. Damos treinamento ap\u00f3s a conclus\u00e3o do blog. Facilitamos a forma de pagamento. <br>\nConhe\u00e7a alguns de nossos blogs.<\/p><\/div><\/div>\t\t<\/div>\n\t\t\t\t<\/div>\n\t\t\t\t\t<\/div>\n\t\t<\/div>\n\t\t\t\t<div class=\"elementor-column elementor-col-33 elementor-top-column elementor-element elementor-element-a4a5bcc\" data-id=\"a4a5bcc\" data-element_type=\"column\">\n\t\t\t<div class=\"elementor-widget-wrap elementor-element-populated\">\n\t\t\t\t\t\t\t\t<div class=\"elementor-element elementor-element-b998f10 elementor-position-top elementor-vertical-align-top elementor-widget elementor-widget-image-box\" data-id=\"b998f10\" data-element_type=\"widget\" data-widget_type=\"image-box.default\">\n\t\t\t\t<div class=\"elementor-widget-container\">\n\t\t\t<div class=\"elementor-image-box-wrapper\"><figure class=\"elementor-image-box-img\"><img decoding=\"async\" width=\"348\" height=\"229\" src=\"https:\/\/www.microsistinformatica.com.br\/site\/wp-content\/uploads\/2021\/09\/s-sites.jpg\" class=\"attachment-full size-full\" alt=\"\" \/><\/figure><div class=\"elementor-image-box-content\"><h4 class=\"elementor-image-box-title\">Treinamento<\/h4><p class=\"elementor-image-box-description\">Assim que o site, o blog ou a loja virtual estiverem prontos, ministraremos treinamento para voc\u00ea alimentar e gerenciar o conte\u00fado. Para isso, iremos pessoalmente \u00e0 sua empresa ou \u00e0 sua casa. Quando n\u00e3o for poss\u00edvel, ser\u00e1 feito via Skype. Ap\u00f3s o treinamento estaremos \u00e0 disposi\u00e7\u00e3o para esclarecimento de d\u00favidas via e-mail, telefone ou Facebook. Caso seja necess\u00e1rio, videoaulas estar\u00e3o dispon\u00edveis na internet para esclarecimento de d\u00favidas futuras.<\/p><\/div><\/div>\t\t<\/div>\n\t\t\t\t<\/div>\n\t\t\t\t\t<\/div>\n\t\t<\/div>\n\t\t\t\t\t\t\t<\/div>\n\t\t<\/section>\n\t\t\t\t<section class=\"elementor-section elementor-top-section elementor-element elementor-element-c57d634 elementor-section-boxed elementor-section-height-default elementor-section-height-default\" data-id=\"c57d634\" data-element_type=\"section\">\n\t\t\t\t\t\t<div class=\"elementor-container elementor-column-gap-default\">\n\t\t\t\t\t<div class=\"elementor-column elementor-col-33 elementor-top-column elementor-element elementor-element-f11679d\" data-id=\"f11679d\" data-element_type=\"column\">\n\t\t\t<div class=\"elementor-widget-wrap elementor-element-populated\">\n\t\t\t\t\t\t\t\t<div class=\"elementor-element elementor-element-c0a96e9 elementor-position-top elementor-vertical-align-top elementor-widget elementor-widget-image-box\" data-id=\"c0a96e9\" data-element_type=\"widget\" data-widget_type=\"image-box.default\">\n\t\t\t\t<div class=\"elementor-widget-container\">\n\t\t\t<div class=\"elementor-image-box-wrapper\"><figure class=\"elementor-image-box-img\"><img decoding=\"async\" width=\"348\" height=\"222\" src=\"https:\/\/www.microsistinformatica.com.br\/site\/wp-content\/uploads\/2021\/09\/s-comcontrato.jpg\" class=\"attachment-full size-full\" alt=\"\" \/><\/figure><div class=\"elementor-image-box-content\"><h3 class=\"elementor-image-box-title\">Manuten\u00e7\u00e3o com Contrato<\/h3><p class=\"elementor-image-box-description\">Caso voc\u00ea n\u00e3o tenha tempo ou n\u00e3o possua uma pessoa designada para manter seu site, blog ou loja virtual, a MICROSIST possui uma proposta de contrato mensal de manuten\u00e7\u00e3o de acordo com o tipo e o volume de atualiza\u00e7\u00f5es necess\u00e1rias ao seu neg\u00f3cio e se compromete a manter seu site atualizado sempre que for solicitado.<\/p><\/div><\/div>\t\t<\/div>\n\t\t\t\t<\/div>\n\t\t\t\t\t<\/div>\n\t\t<\/div>\n\t\t\t\t<div class=\"elementor-column elementor-col-33 elementor-top-column elementor-element elementor-element-df29de2\" data-id=\"df29de2\" data-element_type=\"column\">\n\t\t\t<div class=\"elementor-widget-wrap elementor-element-populated\">\n\t\t\t\t\t\t\t\t<div class=\"elementor-element elementor-element-b7456f2 elementor-position-top elementor-vertical-align-top elementor-widget elementor-widget-image-box\" data-id=\"b7456f2\" data-element_type=\"widget\" data-widget_type=\"image-box.default\">\n\t\t\t\t<div class=\"elementor-widget-container\">\n\t\t\t<div class=\"elementor-image-box-wrapper\"><figure class=\"elementor-image-box-img\"><img decoding=\"async\" width=\"348\" height=\"222\" src=\"https:\/\/www.microsistinformatica.com.br\/site\/wp-content\/uploads\/2021\/09\/s-semcontrato.jpg\" class=\"attachment-full size-full\" alt=\"\" \/><\/figure><div class=\"elementor-image-box-content\"><h3 class=\"elementor-image-box-title\">Manuten\u00e7\u00e3o sem Contrato<\/h3><p class=\"elementor-image-box-description\">Caso voc\u00ea opte por n\u00e3o firmar o contrato de manuten\u00e7\u00e3o mensal, a MICROSIST continua garantindo a manuten\u00e7\u00e3o do seu site sempre que for solicitada. Nesse caso, a cada solicita\u00e7\u00e3o ser\u00e1 apresentado um or\u00e7amento, que, se aprovado, a atualiza\u00e7\u00e3o ser\u00e1 imediatamente implementada no site.<\/p><\/div><\/div>\t\t<\/div>\n\t\t\t\t<\/div>\n\t\t\t\t\t<\/div>\n\t\t<\/div>\n\t\t\t\t<div class=\"elementor-column elementor-col-33 elementor-top-column elementor-element elementor-element-5ac104f\" data-id=\"5ac104f\" data-element_type=\"column\">\n\t\t\t<div class=\"elementor-widget-wrap elementor-element-populated\">\n\t\t\t\t\t\t\t\t<div class=\"elementor-element elementor-element-72c32d7 elementor-position-top elementor-vertical-align-top elementor-widget elementor-widget-image-box\" data-id=\"72c32d7\" data-element_type=\"widget\" data-widget_type=\"image-box.default\">\n\t\t\t\t<div class=\"elementor-widget-container\">\n\t\t\t<div class=\"elementor-image-box-wrapper\"><figure class=\"elementor-image-box-img\"><img decoding=\"async\" width=\"348\" height=\"222\" src=\"https:\/\/www.microsistinformatica.com.br\/site\/wp-content\/uploads\/2021\/09\/s-banner.jpg\" class=\"attachment-full size-full\" alt=\"\" \/><\/figure><div class=\"elementor-image-box-content\"><h3 class=\"elementor-image-box-title\">Cria\u00e7\u00e3o de Arte para Banners<\/h3><p class=\"elementor-image-box-description\">Quando seu site estiver pronto e surgirem novos eventos ou promo\u00e7\u00f5es e voc\u00ea n\u00e3o possuir designer, a MICROSIST disponibiliza os seus para pequenos trabalhos exclusivamente para a web, como banners, chamados, etc. Para isso, ser\u00e1 enviado um or\u00e7amento antes de iniciarmos os trabalhos. Caso desejar, esse servi\u00e7o poder\u00e1 ser inclu\u00eddo no contrato de manuten\u00e7\u00e3o. A compra de imagem, quando necess\u00e1ria, <br>ser\u00e1 por conta do cliente.<\/p><\/div><\/div>\t\t<\/div>\n\t\t\t\t<\/div>\n\t\t\t\t\t<\/div>\n\t\t<\/div>\n\t\t\t\t\t\t\t<\/div>\n\t\t<\/section>\n\t\t\t\t<section class=\"elementor-section elementor-top-section elementor-element elementor-element-0fa8888 elementor-section-boxed elementor-section-height-default elementor-section-height-default\" data-id=\"0fa8888\" data-element_type=\"section\">\n\t\t\t\t\t\t<div class=\"elementor-container elementor-column-gap-default\">\n\t\t\t\t\t<div class=\"elementor-column elementor-col-33 elementor-top-column elementor-element elementor-element-34bdb32\" data-id=\"34bdb32\" data-element_type=\"column\">\n\t\t\t<div class=\"elementor-widget-wrap elementor-element-populated\">\n\t\t\t\t\t\t\t\t<div class=\"elementor-element elementor-element-e0eee4d elementor-position-top elementor-vertical-align-top elementor-widget elementor-widget-image-box\" data-id=\"e0eee4d\" data-element_type=\"widget\" data-widget_type=\"image-box.default\">\n\t\t\t\t<div class=\"elementor-widget-container\">\n\t\t\t<div class=\"elementor-image-box-wrapper\"><figure class=\"elementor-image-box-img\"><img decoding=\"async\" width=\"348\" height=\"222\" src=\"https:\/\/www.microsistinformatica.com.br\/site\/wp-content\/uploads\/2021\/09\/s-news.jpg\" class=\"attachment-full size-full\" alt=\"\" \/><\/figure><div class=\"elementor-image-box-content\"><h4 class=\"elementor-image-box-title\">Informativo OnLine (Newsletter)<\/h4><p class=\"elementor-image-box-description\">A MICROSIST disponibiliza aos seus clientes os procedimentos necess\u00e1rios para envio por e-mail de informativo online (newsletter). Isso envolve a cria\u00e7\u00e3o do corpo do e-mail, com texto e\/ou imagens, e o envio para os contatos cadastrados na base de dados do cliente. Essa base de dados \u00e9 atualizada pelo cliente por meio do administrador do site. Os custos para essa atividade ser\u00e3o or\u00e7ados<br>no contrato mensal.<\/p><\/div><\/div>\t\t<\/div>\n\t\t\t\t<\/div>\n\t\t\t\t\t<\/div>\n\t\t<\/div>\n\t\t\t\t<div class=\"elementor-column elementor-col-33 elementor-top-column elementor-element elementor-element-da292ab\" data-id=\"da292ab\" data-element_type=\"column\">\n\t\t\t<div class=\"elementor-widget-wrap elementor-element-populated\">\n\t\t\t\t\t\t\t\t<div class=\"elementor-element elementor-element-d109fb9 elementor-position-top elementor-vertical-align-top elementor-widget elementor-widget-image-box\" data-id=\"d109fb9\" data-element_type=\"widget\" data-widget_type=\"image-box.default\">\n\t\t\t\t<div class=\"elementor-widget-container\">\n\t\t\t<div class=\"elementor-image-box-wrapper\"><figure class=\"elementor-image-box-img\"><img decoding=\"async\" width=\"348\" height=\"222\" src=\"https:\/\/www.microsistinformatica.com.br\/site\/wp-content\/uploads\/2021\/09\/entrelinha.jpg\" class=\"attachment-full size-full\" alt=\"\" \/><\/figure><div class=\"elementor-image-box-content\"><h4 class=\"elementor-image-box-title\">Design Gr\u00e1fico Editorial<\/h4><p class=\"elementor-image-box-description\">H\u00e1 muitos anos a MICROSIST tem parceria com a Entrelinha - Design Gr\u00e1fico Editorial, empresa especializada em produ\u00e7\u00e3o de revistas, jornais, livros e boletins institucionais. Conhe\u00e7a os trabalhos feitos pela Entrelinha: <a href=\"http:\/\/www.entrelinha.com.br\" target=\"_blank\">www.entrelinha.com.br<\/a><\/p><\/div><\/div>\t\t<\/div>\n\t\t\t\t<\/div>\n\t\t\t\t\t<\/div>\n\t\t<\/div>\n\t\t\t\t<div class=\"elementor-column elementor-col-33 elementor-top-column elementor-element elementor-element-ac0083d\" data-id=\"ac0083d\" data-element_type=\"column\">\n\t\t\t<div class=\"elementor-widget-wrap elementor-element-populated\">\n\t\t\t\t\t\t\t\t<div class=\"elementor-element elementor-element-4159e84 elementor-position-top elementor-vertical-align-top elementor-widget elementor-widget-image-box\" data-id=\"4159e84\" data-element_type=\"widget\" data-widget_type=\"image-box.default\">\n\t\t\t\t<div class=\"elementor-widget-container\">\n\t\t\t<div class=\"elementor-image-box-wrapper\"><figure class=\"elementor-image-box-img\"><img decoding=\"async\" width=\"348\" height=\"222\" src=\"https:\/\/www.microsistinformatica.com.br\/site\/wp-content\/uploads\/2021\/09\/tevisao-texto.jpg\" class=\"attachment-full size-full\" alt=\"\" \/><\/figure><div class=\"elementor-image-box-content\"><h4 class=\"elementor-image-box-title\">Revis\u00e3o de Textos<\/h4><p class=\"elementor-image-box-description\">A MICROSIST tem parceria com De olho no texto \u2013 empresa especializada em revis\u00e3o de textos: resenhas, entrevistas, artigos jornal\u00edsticos, artigos cient\u00edficos, disserta\u00e7\u00f5es, teses, etc. Conhe\u00e7a mais sobre a empresa neste endere\u00e7o: <a href=\"http:\/\/www.deolhonotexto.com.br\" target=\"_blank\">www.deolhonotexto.com.br<\/a><\/p><\/div><\/div>\t\t<\/div>\n\t\t\t\t<\/div>\n\t\t\t\t\t<\/div>\n\t\t<\/div>\n\t\t\t\t\t\t\t<\/div>\n\t\t<\/section>\n\t\t\t\t\t\t<\/div>\n\t\t\t\t\t<\/div>\n\t\t","protected":false},"excerpt":{"rendered":"<p>Servi\u00e7os Desenvolvimento de Sites Nossos sites s\u00e3o desenvolvidos na plataforma Joomla ou Worpress. Assim, voc\u00ea ter\u00e1 total liberdade para gerenciar o conte\u00fado do site, incluindo e editando textos, imagens e [&hellip;]<\/p>\n","protected":false},"author":1,"featured_media":0,"parent":0,"menu_order":0,"comment_status":"closed","ping_status":"closed","template":"elementor_header_footer","meta":{"footnotes":""},"class_list":["post-424","page","type-page","status-publish","hentry"],"_links":{"self":[{"href":"https:\/\/www.microsistinformatica.com.br\/site\/wp-json\/wp\/v2\/pages\/424"}],"collection":[{"href":"https:\/\/www.microsistinformatica.com.br\/site\/wp-json\/wp\/v2\/pages"}],"about":[{"href":"https:\/\/www.microsistinformatica.com.br\/site\/wp-json\/wp\/v2\/types\/page"}],"author":[{"embeddable":true,"href":"https:\/\/www.microsistinformatica.com.br\/site\/wp-json\/wp\/v2\/users\/1"}],"replies":[{"embeddable":true,"href":"https:\/\/www.microsistinformatica.com.br\/site\/wp-json\/wp\/v2\/comments?post=424"}],"version-history":[{"count":54,"href":"https:\/\/www.microsistinformatica.com.br\/site\/wp-json\/wp\/v2\/pages\/424\/revisions"}],"predecessor-version":[{"id":533,"href":"https:\/\/www.microsistinformatica.com.br\/site\/wp-json\/wp\/v2\/pages\/424\/revisions\/533"}],"wp:attachment":[{"href":"https:\/\/www.microsistinformatica.com.br\/site\/wp-json\/wp\/v2\/media?parent=424"}],"curies":[{"name":"wp","href":"https:\/\/api.w.org\/{rel}","templated":true}]}}